{"id":152,"date":"2025-12-12T16:49:55","date_gmt":"2025-12-12T16:49:55","guid":{"rendered":"https:\/\/adminparticuliers.alwaysdata.net\/wordpress\/?page_id=152"},"modified":"2025-12-12T16:49:55","modified_gmt":"2025-12-12T16:49:55","slug":"temoignages","status":"publish","type":"page","link":"https:\/\/adminparticuliers.alwaysdata.net\/wordpress\/index.php\/temoignages\/","title":{"rendered":"T\u00e9moignages"},"content":{"rendered":"\n<p>Une page d\u00e9di\u00e9e \u00e0 vos retours<\/p>\n\n\n\n<p><br>Vos avis sont essentiels : ils permettent d\u2019am\u00e9liorer mes services et de rassurer les futurs clients. Cette page sera enrichie progressivement d\u00e8s l\u2019ouverture officielle de l\u2019entreprise le 1er janvier 2026.<\/p>\n\n\n\n<hr class=\"wp-block-separator has-alpha-channel-opacity\"\/>\n\n\n\n<p>Bient\u00f4t disponibles<\/p>\n\n\n\n<p><br>Les premiers t\u00e9moignages seront publi\u00e9s ici d\u00e8s les premi\u00e8res missions r\u00e9alis\u00e9es.<br>Chaque retour sera v\u00e9rifi\u00e9 et valid\u00e9 avant publication afin de garantir un espace respectueux et transparent.<\/p>\n\n\n\n<hr class=\"wp-block-separator has-alpha-channel-opacity\"\/>\n\n\n\n<p>Laissez votre t\u00e9moignage<\/p>\n\n\n\n<p><br>Vous avez d\u00e9j\u00e0 travaill\u00e9 avec ADMIN\u2019PARTICULIERS ou souhaitez partager votre exp\u00e9rience d\u00e8s janvier ?<br>Remplissez le formulaire ci-dessous :<br><\/p>\n\n\n\n<div class=\"wp-block-contact-form-7-contact-form-selector\">\n<div class=\"wpcf7 no-js\" id=\"wpcf7-f151-o1\" lang=\"fr-FR\" dir=\"ltr\" data-wpcf7-id=\"151\">\n<div class=\"screen-reader-response\"><p role=\"status\" aria-live=\"polite\" aria-atomic=\"true\"><\/p> <ul><\/ul><\/div>\n<form action=\"\/wordpress\/index.php\/wp-json\/wp\/v2\/pages\/152#wpcf7-f151-o1\" method=\"post\" class=\"wpcf7-form init\" aria-label=\"Formulaire de contact\" novalidate=\"novalidate\" data-status=\"init\">\n<fieldset class=\"hidden-fields-container\"><input type=\"hidden\" name=\"_wpcf7\" value=\"151\" \/><input type=\"hidden\" name=\"_wpcf7_version\" value=\"6.1.6\" \/><input type=\"hidden\" name=\"_wpcf7_locale\" value=\"fr_FR\" \/><input type=\"hidden\" name=\"_wpcf7_unit_tag\" value=\"wpcf7-f151-o1\" \/><input type=\"hidden\" name=\"_wpcf7_container_post\" value=\"0\" \/><input type=\"hidden\" name=\"_wpcf7_posted_data_hash\" value=\"\" \/>\n<\/fieldset>\n<p><label>Votre pr\u00e9nom et initiale (ex. Claire M.)<br \/>\n<span class=\"wpcf7-form-control-wrap\" data-name=\"your-name\"><input size=\"40\" maxlength=\"400\" class=\"wpcf7-form-control wpcf7-text wpcf7-validates-as-required\" aria-required=\"true\" aria-invalid=\"false\" placeholder=\"Pr\u00e9nom + initiale\" value=\"\" type=\"text\" name=\"your-name\" \/><\/span><\/label>\n<\/p>\n<p><label>Votre email (non publi\u00e9)<br \/>\n<span class=\"wpcf7-form-control-wrap\" data-name=\"your-email\"><input size=\"40\" maxlength=\"400\" class=\"wpcf7-form-control wpcf7-email wpcf7-validates-as-required wpcf7-text wpcf7-validates-as-email\" aria-required=\"true\" aria-invalid=\"false\" placeholder=\"Votre email\" value=\"\" type=\"email\" name=\"your-email\" \/><\/span><\/label>\n<\/p>\n<p><label>Votre t\u00e9moignage<br \/>\n<span class=\"wpcf7-form-control-wrap\" data-name=\"your-testimonial\"><textarea cols=\"40\" rows=\"10\" maxlength=\"2000\" class=\"wpcf7-form-control wpcf7-textarea wpcf7-validates-as-required\" aria-required=\"true\" aria-invalid=\"false\" placeholder=\"Votre avis\" name=\"your-testimonial\"><\/textarea><\/span><\/label>\n<\/p>\n<p><label><br \/>\n[acceptance* your-consent] J\u2019accepte que mon t\u00e9moignage soit publi\u00e9 sur le site<br \/>\n<\/label>\n<\/p>\n<p><input class=\"wpcf7-form-control wpcf7-submit has-spinner\" type=\"submit\" value=\"Envoyer mon t\u00e9moignage\" \/>\n<\/p><div class=\"wpcf7-response-output\" aria-hidden=\"true\"><\/div>\n<\/form>\n<\/div>\n<\/div>\n\n\n\n<hr class=\"wp-block-separator has-alpha-channel-opacity\"\/>\n\n\n\n<p>Engagements<\/p>\n\n\n\n<ul class=\"wp-block-list\">\n<li>Les t\u00e9moignages sont mod\u00e9r\u00e9s avant publication.<\/li>\n\n\n\n<li>Vos avis apparaissent sous 48h apr\u00e8s validation.<\/li>\n\n\n\n<li>Les informations personnelles (email, t\u00e9l\u00e9phone) ne sont jamais affich\u00e9es publiquement.<\/li>\n<\/ul>\n\n\n\n<p><\/p>\n","protected":false},"excerpt":{"rendered":"<p>Une page d\u00e9di\u00e9e \u00e0 vos retours Vos avis sont essentiels : ils permettent d\u2019am\u00e9liorer mes services et de rassurer les futurs clients. Cette page sera enrichie progressivement d\u00e8s l\u2019ouverture officielle de l\u2019entreprise le 1er janvier 2026. Bient\u00f4t disponibles Les premiers t\u00e9moignages seront publi\u00e9s ici d\u00e8s les premi\u00e8res missions r\u00e9alis\u00e9es.Chaque retour sera v\u00e9rifi\u00e9 et valid\u00e9 avant [&hellip;]<\/p>\n","protected":false},"author":1,"featured_media":154,"parent":0,"menu_order":0,"comment_status":"closed","ping_status":"closed","template":"","meta":{"footnotes":""},"class_list":["post-152","page","type-page","status-publish","has-post-thumbnail","hentry"],"jetpack_sharing_enabled":true,"_links":{"self":[{"href":"https:\/\/adminparticuliers.alwaysdata.net\/wordpress\/index.php\/wp-json\/wp\/v2\/pages\/152","targetHints":{"allow":["GET"]}}],"collection":[{"href":"https:\/\/adminparticuliers.alwaysdata.net\/wordpress\/index.php\/wp-json\/wp\/v2\/pages"}],"about":[{"href":"https:\/\/adminparticuliers.alwaysdata.net\/wordpress\/index.php\/wp-json\/wp\/v2\/types\/page"}],"author":[{"embeddable":true,"href":"https:\/\/adminparticuliers.alwaysdata.net\/wordpress\/index.php\/wp-json\/wp\/v2\/users\/1"}],"replies":[{"embeddable":true,"href":"https:\/\/adminparticuliers.alwaysdata.net\/wordpress\/index.php\/wp-json\/wp\/v2\/comments?post=152"}],"version-history":[{"count":1,"href":"https:\/\/adminparticuliers.alwaysdata.net\/wordpress\/index.php\/wp-json\/wp\/v2\/pages\/152\/revisions"}],"predecessor-version":[{"id":153,"href":"https:\/\/adminparticuliers.alwaysdata.net\/wordpress\/index.php\/wp-json\/wp\/v2\/pages\/152\/revisions\/153"}],"wp:featuredmedia":[{"embeddable":true,"href":"https:\/\/adminparticuliers.alwaysdata.net\/wordpress\/index.php\/wp-json\/wp\/v2\/media\/154"}],"wp:attachment":[{"href":"https:\/\/adminparticuliers.alwaysdata.net\/wordpress\/index.php\/wp-json\/wp\/v2\/media?parent=152"}],"curies":[{"name":"wp","href":"https:\/\/api.w.org\/{rel}","templated":true}]}}