{"id":20,"date":"2025-09-03T13:19:41","date_gmt":"2025-09-03T13:19:41","guid":{"rendered":"https:\/\/adminparticuliers.alwaysdata.net\/wordpress\/?page_id=20"},"modified":"2025-12-12T14:01:29","modified_gmt":"2025-12-12T14:01:29","slug":"nos-services","status":"publish","type":"page","link":"https:\/\/adminparticuliers.alwaysdata.net\/wordpress\/index.php\/nos-services\/","title":{"rendered":"Nos services"},"content":{"rendered":"\n<p>Gestion courante<\/p>\n\n\n\n<p><br>\ud83d\udccb Tri et classement de courrier<br>\u270d\ufe0f R\u00e9daction de documents simples ou professionnels<br>\ud83d\udcc2 Organisation de dossiers administratifs<\/p>\n\n\n\n<hr class=\"wp-block-separator has-alpha-channel-opacity\"\/>\n\n\n\n<p>D\u00e9marches sp\u00e9cifiques<\/p>\n\n\n\n<p><br>\ud83d\udcb6 D\u00e9claration de revenus<br>\ud83d\udc74 Constitution de dossiers de retraite<br>\ud83c\udfe5 Assistance aupr\u00e8s des organismes sociaux (CAF, CPAM, P\u00f4le Emploi)<\/p>\n\n\n\n<hr class=\"wp-block-separator has-alpha-channel-opacity\"\/>\n\n\n\n<p>Accompagnement num\u00e9rique<\/p>\n\n\n\n<p><br>\ud83d\udcbb Cr\u00e9ation et gestion de vos espaces en ligne (Ameli, ANTS, imp\u00f4ts.gouv)<br>\ud83d\udce7 Initiation aux outils num\u00e9riques (email, visioconf\u00e9rence, etc.)<br>\ud83d\udd10 S\u00e9curisation et simplification de vos acc\u00e8s<\/p>\n\n\n\n<hr class=\"wp-block-separator has-alpha-channel-opacity\"\/>\n\n\n\n<p>Exemples de missions r\u00e9alis\u00e9es<\/p>\n\n\n\n<ul class=\"wp-block-list\">\n<li>Aide \u00e0 la constitution d\u2019un dossier de retraite complet<\/li>\n\n\n\n<li>Organisation d\u2019un classeur familial pour une meilleure lisibilit\u00e9<\/li>\n\n\n\n<li>Assistance \u00e0 la d\u00e9claration d\u2019imp\u00f4ts en ligne<\/li>\n\n\n\n<li>Cr\u00e9ation et s\u00e9curisation d\u2019un compte Ameli pour un senior<\/li>\n<\/ul>\n\n\n\n<hr class=\"wp-block-separator has-alpha-channel-opacity\"\/>\n\n\n\n<p>Nos engagements<br>\u2764 Bienveillance : \u00e9coute et patience pour vous accompagner<br>\ud83d\udd12 Confidentialit\u00e9 : respect strict de vos donn\u00e9es et de votre vie priv\u00e9e<br>\ud83d\udca1 Clart\u00e9 : explications simples et transparentes<br>\ud83c\udfe1 Proximit\u00e9 : un contact humain et rassurant<\/p>\n\n\n\n<hr class=\"wp-block-separator has-alpha-channel-opacity\"\/>\n\n\n\n<p>D\u00e9couvrez nos tarifs<br>Nos services sont accessibles \u00e0 tous gr\u00e2ce \u00e0 une grille tarifaire claire et flexible.<br>\ud83d\udc49 Consulter nos tarifs d\u00e9taill\u00e9s<\/p>\n\n\n\n<hr class=\"wp-block-separator has-alpha-channel-opacity\"\/>\n","protected":false},"excerpt":{"rendered":"<p>Gestion courante \ud83d\udccb Tri et classement de courrier\u270d\ufe0f R\u00e9daction de documents simples ou professionnels\ud83d\udcc2 Organisation de dossiers administratifs D\u00e9marches sp\u00e9cifiques \ud83d\udcb6 D\u00e9claration de revenus\ud83d\udc74 Constitution de dossiers de retraite\ud83c\udfe5 Assistance aupr\u00e8s des organismes sociaux (CAF, CPAM, P\u00f4le Emploi) Accompagnement num\u00e9rique \ud83d\udcbb Cr\u00e9ation et gestion de vos espaces en ligne (Ameli, ANTS, imp\u00f4ts.gouv)\ud83d\udce7 Initiation aux outils [&hellip;]<\/p>\n","protected":false},"author":1,"featured_media":113,"parent":0,"menu_order":0,"comment_status":"closed","ping_status":"closed","template":"","meta":{"footnotes":""},"class_list":["post-20","page","type-page","status-publish","has-post-thumbnail","hentry"],"jetpack_sharing_enabled":true,"_links":{"self":[{"href":"https:\/\/adminparticuliers.alwaysdata.net\/wordpress\/index.php\/wp-json\/wp\/v2\/pages\/20","targetHints":{"allow":["GET"]}}],"collection":[{"href":"https:\/\/adminparticuliers.alwaysdata.net\/wordpress\/index.php\/wp-json\/wp\/v2\/pages"}],"about":[{"href":"https:\/\/adminparticuliers.alwaysdata.net\/wordpress\/index.php\/wp-json\/wp\/v2\/types\/page"}],"author":[{"embeddable":true,"href":"https:\/\/adminparticuliers.alwaysdata.net\/wordpress\/index.php\/wp-json\/wp\/v2\/users\/1"}],"replies":[{"embeddable":true,"href":"https:\/\/adminparticuliers.alwaysdata.net\/wordpress\/index.php\/wp-json\/wp\/v2\/comments?post=20"}],"version-history":[{"count":3,"href":"https:\/\/adminparticuliers.alwaysdata.net\/wordpress\/index.php\/wp-json\/wp\/v2\/pages\/20\/revisions"}],"predecessor-version":[{"id":114,"href":"https:\/\/adminparticuliers.alwaysdata.net\/wordpress\/index.php\/wp-json\/wp\/v2\/pages\/20\/revisions\/114"}],"wp:featuredmedia":[{"embeddable":true,"href":"https:\/\/adminparticuliers.alwaysdata.net\/wordpress\/index.php\/wp-json\/wp\/v2\/media\/113"}],"wp:attachment":[{"href":"https:\/\/adminparticuliers.alwaysdata.net\/wordpress\/index.php\/wp-json\/wp\/v2\/media?parent=20"}],"curies":[{"name":"wp","href":"https:\/\/api.w.org\/{rel}","templated":true}]}}