{"id":35,"date":"2025-09-03T13:17:27","date_gmt":"2025-09-03T13:17:27","guid":{"rendered":"https:\/\/adminparticuliers.alwaysdata.net\/wordpress\/?page_id=35"},"modified":"2025-12-12T16:04:05","modified_gmt":"2025-12-12T16:04:05","slug":"a-propos","status":"publish","type":"page","link":"https:\/\/adminparticuliers.alwaysdata.net\/wordpress\/index.php\/a-propos\/","title":{"rendered":"\u00c0 propos"},"content":{"rendered":"\n<p><strong>Le Fondateur : Samuel Richard<\/strong><\/p>\n\n\n\n<hr class=\"wp-block-separator has-alpha-channel-opacity\"\/>\n\n\n\n<p>\u00c0 propos \u2013 ADMIN\u2019PARTICULIERS<\/p>\n\n\n\n<p><strong>Qui suis-je ?<\/strong><\/p>\n\n\n\n<p><br>Je m\u2019appelle Samuel Richard, entrepreneur administratif bas\u00e9 \u00e0 Angers.<br>Avec rigueur et clart\u00e9, j\u2019accompagne les particuliers dans la gestion de leurs d\u00e9marches administratives, pour leur faire gagner du temps et de la s\u00e9r\u00e9nit\u00e9.<\/p>\n\n\n\n<hr class=\"wp-block-separator has-alpha-channel-opacity\"\/>\n\n\n\n<p>Ma mission :<\/p>\n\n\n\n<p><br>Je g\u00e8re vos d\u00e9marches sans en faire tout un dossier.<br>Mon objectif est simple : rendre vos papiers lisibles, organis\u00e9s et faciles \u00e0 suivre.<br>Chaque dossier est trait\u00e9 avec m\u00e9thode, confidentialit\u00e9 et proximit\u00e9.<\/p>\n\n\n\n<hr class=\"wp-block-separator has-alpha-channel-opacity\"\/>\n\n\n\n<p>Mon parcours:<\/p>\n\n\n\n<ul class=\"wp-block-list\">\n<li>Exp\u00e9rience solide en soutien administratif et organisation de dossiers complexes.<\/li>\n\n\n\n<li>Sp\u00e9cialisation dans la gestion num\u00e9rique et la mise en page claire.<\/li>\n\n\n\n<li>Entrepreneur individuel \u00e0 Angers, inscrit sous le SIREN 992 342 196.<\/li>\n<\/ul>\n\n\n\n<hr class=\"wp-block-separator has-alpha-channel-opacity\"\/>\n\n\n\n<p>Mes valeurs:<\/p>\n\n\n\n<ul class=\"wp-block-list\">\n<li>\u2705 Clart\u00e9 : des documents compr\u00e9hensibles et accessibles.<\/li>\n\n\n\n<li>\u2705 Confidentialit\u00e9 : vos informations sont prot\u00e9g\u00e9es.<\/li>\n\n\n\n<li>\u2705 Proximit\u00e9 : un accompagnement humain et personnalis\u00e9.<\/li>\n<\/ul>\n\n\n\n<hr class=\"wp-block-separator has-alpha-channel-opacity\"\/>\n","protected":false},"excerpt":{"rendered":"<p>Le Fondateur : Samuel Richard \u00c0 propos \u2013 ADMIN\u2019PARTICULIERS Qui suis-je ? Je m\u2019appelle Samuel Richard, entrepreneur administratif bas\u00e9 \u00e0 Angers.Avec rigueur et clart\u00e9, j\u2019accompagne les particuliers dans la gestion de leurs d\u00e9marches administratives, pour leur faire gagner du temps et de la s\u00e9r\u00e9nit\u00e9. Ma mission : Je g\u00e8re vos d\u00e9marches sans en faire tout [&hellip;]<\/p>\n","protected":false},"author":1,"featured_media":112,"parent":0,"menu_order":0,"comment_status":"closed","ping_status":"closed","template":"","meta":{"footnotes":""},"class_list":["post-35","page","type-page","status-publish","has-post-thumbnail","hentry"],"jetpack_sharing_enabled":true,"_links":{"self":[{"href":"https:\/\/adminparticuliers.alwaysdata.net\/wordpress\/index.php\/wp-json\/wp\/v2\/pages\/35","targetHints":{"allow":["GET"]}}],"collection":[{"href":"https:\/\/adminparticuliers.alwaysdata.net\/wordpress\/index.php\/wp-json\/wp\/v2\/pages"}],"about":[{"href":"https:\/\/adminparticuliers.alwaysdata.net\/wordpress\/index.php\/wp-json\/wp\/v2\/types\/page"}],"author":[{"embeddable":true,"href":"https:\/\/adminparticuliers.alwaysdata.net\/wordpress\/index.php\/wp-json\/wp\/v2\/users\/1"}],"replies":[{"embeddable":true,"href":"https:\/\/adminparticuliers.alwaysdata.net\/wordpress\/index.php\/wp-json\/wp\/v2\/comments?post=35"}],"version-history":[{"count":6,"href":"https:\/\/adminparticuliers.alwaysdata.net\/wordpress\/index.php\/wp-json\/wp\/v2\/pages\/35\/revisions"}],"predecessor-version":[{"id":109,"href":"https:\/\/adminparticuliers.alwaysdata.net\/wordpress\/index.php\/wp-json\/wp\/v2\/pages\/35\/revisions\/109"}],"wp:featuredmedia":[{"embeddable":true,"href":"https:\/\/adminparticuliers.alwaysdata.net\/wordpress\/index.php\/wp-json\/wp\/v2\/media\/112"}],"wp:attachment":[{"href":"https:\/\/adminparticuliers.alwaysdata.net\/wordpress\/index.php\/wp-json\/wp\/v2\/media?parent=35"}],"curies":[{"name":"wp","href":"https:\/\/api.w.org\/{rel}","templated":true}]}}