{"id":44,"date":"2025-09-03T13:18:24","date_gmt":"2025-09-03T13:18:24","guid":{"rendered":"https:\/\/adminparticuliers.alwaysdata.net\/wordpress\/?page_id=44"},"modified":"2025-12-12T15:08:35","modified_gmt":"2025-12-12T15:08:35","slug":"contact-devis","status":"publish","type":"page","link":"https:\/\/adminparticuliers.alwaysdata.net\/wordpress\/index.php\/contact-devis\/","title":{"rendered":"Contact &#038; Devis"},"content":{"rendered":"\n<p>Contactez-moi facilement<br>Vous avez une question, besoin d\u2019un renseignement ou souhaitez un accompagnement administratif\u202f?<br>Je suis \u00e0 votre \u00e9coute et vous r\u00e9ponds rapidement.<\/p>\n\n\n\n<p>\ud83d\udccd Adresse : 32 rue de la lande, 49000 Angers<br>\ud83d\udcde T\u00e9l\u00e9phone : 06 27 24 03 73<br>\u2709\ufe0f Email : adminparticuliers@alwaysdata.net<\/p>\n\n\n\n<hr class=\"wp-block-separator has-alpha-channel-opacity\"\/>\n\n\n\n<p>\ud83d\udccb Demander un devis gratuit<br>Chaque demande est unique. Pour vous proposer un tarif adapt\u00e9, merci de remplir ce formulaire :<\/p>\n\n\n\n<div class=\"wp-block-contact-form-7-contact-form-selector\">\n<div class=\"wpcf7 no-js\" id=\"wpcf7-f126-o1\" lang=\"fr-FR\" dir=\"ltr\" data-wpcf7-id=\"126\">\n<div class=\"screen-reader-response\"><p role=\"status\" aria-live=\"polite\" aria-atomic=\"true\"><\/p> <ul><\/ul><\/div>\n<form action=\"\/wordpress\/index.php\/wp-json\/wp\/v2\/pages\/44#wpcf7-f126-o1\" method=\"post\" class=\"wpcf7-form init\" aria-label=\"Formulaire de contact\" novalidate=\"novalidate\" data-status=\"init\">\n<fieldset class=\"hidden-fields-container\"><input type=\"hidden\" name=\"_wpcf7\" value=\"126\" \/><input type=\"hidden\" name=\"_wpcf7_version\" value=\"6.1.6\" \/><input type=\"hidden\" name=\"_wpcf7_locale\" value=\"fr_FR\" \/><input type=\"hidden\" name=\"_wpcf7_unit_tag\" value=\"wpcf7-f126-o1\" \/><input type=\"hidden\" name=\"_wpcf7_container_post\" value=\"0\" \/><input type=\"hidden\" name=\"_wpcf7_posted_data_hash\" value=\"\" \/>\n<\/fieldset>\n<p>[contact-form-7 id=\"44\" title=\"Formulaire de contact et devis\"]\n<\/p>\n<div class=\"form-section\">\n\t<p>\ud83d\udc64 <strong>Nom et pr\u00e9nom *<\/strong>\n\t<\/p>\n\t<p><span class=\"wpcf7-form-control-wrap\" data-name=\"your-name\"><input size=\"40\" maxlength=\"400\" class=\"wpcf7-form-control wpcf7-text wpcf7-validates-as-required\" aria-required=\"true\" aria-invalid=\"false\" placeholder=\"Votre nom complet\" value=\"\" type=\"text\" name=\"your-name\" \/><\/span>\n\t<\/p>\n<\/div>\n<div class=\"form-section\">\n\t<p>\ud83d\udce7 <strong>Email *<\/strong>\n\t<\/p>\n\t<p><span class=\"wpcf7-form-control-wrap\" data-name=\"your-email\"><input size=\"40\" maxlength=\"400\" class=\"wpcf7-form-control wpcf7-email wpcf7-validates-as-required wpcf7-text wpcf7-validates-as-email\" aria-required=\"true\" aria-invalid=\"false\" placeholder=\"exemple@domaine.com\" value=\"\" type=\"email\" name=\"your-email\" \/><\/span>\n\t<\/p>\n<\/div>\n<div class=\"form-section\">\n\t<p>\ud83d\udcde <strong>T\u00e9l\u00e9phone<\/strong>\n\t<\/p>\n\t<p><span class=\"wpcf7-form-control-wrap\" data-name=\"your-phone\"><input size=\"40\" maxlength=\"400\" class=\"wpcf7-form-control wpcf7-tel wpcf7-text wpcf7-validates-as-tel\" aria-invalid=\"false\" placeholder=\"06 12 34 56 78\" value=\"\" type=\"tel\" name=\"your-phone\" \/><\/span>\n\t<\/p>\n<\/div>\n<div class=\"form-section\">\n\t<p>\ud83d\udcdd <strong>Type de prestation<\/strong>\n\t<\/p>\n\t<p><span class=\"wpcf7-form-control-wrap\" data-name=\"your-service\"><select class=\"wpcf7-form-control wpcf7-select\" aria-invalid=\"false\" name=\"your-service\"><option value=\"\">&#8212;Veuillez choisir une option&#8212;<\/option><option value=\"Intervention ponctuelle\">Intervention ponctuelle<\/option><option value=\"Pack D\u00e9couverte\">Pack D\u00e9couverte<\/option><option value=\"Pack Retraite\">Pack Retraite<\/option><option value=\"Pack Num\u00e9rique\">Pack Num\u00e9rique<\/option><option value=\"Pack S\u00e9r\u00e9nit\u00e9\">Pack S\u00e9r\u00e9nit\u00e9<\/option><option value=\"Pack Accompagnement\">Pack Accompagnement<\/option><option value=\"Imp\u00f4ts sans stress\">Imp\u00f4ts sans stress<\/option><option value=\"Rentr\u00e9e administrative\">Rentr\u00e9e administrative<\/option><option value=\"Autre\">Autre<\/option><\/select><\/span>\n\t<\/p>\n<\/div>\n<div class=\"form-section\">\n\t<p>\ud83d\udcc2 <strong>D\u00e9tails de votre demande<\/strong>\n\t<\/p>\n\t<p><span class=\"wpcf7-form-control-wrap\" data-name=\"your-message\"><textarea cols=\"40\" rows=\"10\" maxlength=\"2000\" class=\"wpcf7-form-control wpcf7-textarea\" aria-invalid=\"false\" placeholder=\"Expliquez votre besoin en quelques lignes\" name=\"your-message\"><\/textarea><\/span>\n\t<\/p>\n<\/div>\n<div class=\"form-section\">\n\t<p>\ud83d\udcc5 <strong>D\u00e9lai ou urgence souhait\u00e9e<\/strong>\n\t<\/p>\n\t<p><span class=\"wpcf7-form-control-wrap\" data-name=\"your-deadline\"><input size=\"40\" maxlength=\"400\" class=\"wpcf7-form-control wpcf7-text\" aria-invalid=\"false\" placeholder=\"Exemple : avant fin janvier\" value=\"\" type=\"text\" name=\"your-deadline\" \/><\/span>\n\t<\/p>\n<\/div>\n<div class=\"form-section\">\n\t<p><input class=\"wpcf7-form-control wpcf7-submit has-spinner\" type=\"submit\" value=\"\ud83d\udce8 Envoyer ma demande de devis\" \/>\n\t<\/p>\n<\/div><div class=\"wpcf7-response-output\" aria-hidden=\"true\"><\/div>\n<\/form>\n<\/div>\n<\/div>\n\n\n\n<hr class=\"wp-block-separator has-alpha-channel-opacity\"\/>\n\n\n\n<p>\ud83d\udee1\ufe0f Engagements<\/p>\n\n\n\n<ul class=\"wp-block-list\">\n<li>R\u00e9ponse sous 48h maximum<\/li>\n\n\n\n<li>Confidentialit\u00e9 garantie (charte de confidentialit\u00e9 incluse dans chaque prestation)<\/li>\n\n\n\n<li>Devis gratuit et sans engagement<\/li>\n<\/ul>\n","protected":false},"excerpt":{"rendered":"<p>Contactez-moi facilementVous avez une question, besoin d\u2019un renseignement ou souhaitez un accompagnement administratif\u202f?Je suis \u00e0 votre \u00e9coute et vous r\u00e9ponds rapidement. \ud83d\udccd Adresse : 32 rue de la lande, 49000 Angers\ud83d\udcde T\u00e9l\u00e9phone : 06 27 24 03 73\u2709\ufe0f Email : adminparticuliers@alwaysdata.net \ud83d\udccb Demander un devis gratuitChaque demande est unique. Pour vous proposer un tarif adapt\u00e9, [&hellip;]<\/p>\n","protected":false},"author":1,"featured_media":111,"parent":0,"menu_order":0,"comment_status":"closed","ping_status":"closed","template":"","meta":{"footnotes":""},"class_list":["post-44","page","type-page","status-publish","has-post-thumbnail","hentry"],"jetpack_sharing_enabled":true,"_links":{"self":[{"href":"https:\/\/adminparticuliers.alwaysdata.net\/wordpress\/index.php\/wp-json\/wp\/v2\/pages\/44","targetHints":{"allow":["GET"]}}],"collection":[{"href":"https:\/\/adminparticuliers.alwaysdata.net\/wordpress\/index.php\/wp-json\/wp\/v2\/pages"}],"about":[{"href":"https:\/\/adminparticuliers.alwaysdata.net\/wordpress\/index.php\/wp-json\/wp\/v2\/types\/page"}],"author":[{"embeddable":true,"href":"https:\/\/adminparticuliers.alwaysdata.net\/wordpress\/index.php\/wp-json\/wp\/v2\/users\/1"}],"replies":[{"embeddable":true,"href":"https:\/\/adminparticuliers.alwaysdata.net\/wordpress\/index.php\/wp-json\/wp\/v2\/comments?post=44"}],"version-history":[{"count":9,"href":"https:\/\/adminparticuliers.alwaysdata.net\/wordpress\/index.php\/wp-json\/wp\/v2\/pages\/44\/revisions"}],"predecessor-version":[{"id":129,"href":"https:\/\/adminparticuliers.alwaysdata.net\/wordpress\/index.php\/wp-json\/wp\/v2\/pages\/44\/revisions\/129"}],"wp:featuredmedia":[{"embeddable":true,"href":"https:\/\/adminparticuliers.alwaysdata.net\/wordpress\/index.php\/wp-json\/wp\/v2\/media\/111"}],"wp:attachment":[{"href":"https:\/\/adminparticuliers.alwaysdata.net\/wordpress\/index.php\/wp-json\/wp\/v2\/media?parent=44"}],"curies":[{"name":"wp","href":"https:\/\/api.w.org\/{rel}","templated":true}]}}